{"id":1734,"date":"2025-11-17T21:06:54","date_gmt":"2025-11-17T20:06:54","guid":{"rendered":"https:\/\/www.rosenal.at\/?page_id=1734"},"modified":"2025-11-17T21:18:51","modified_gmt":"2025-11-17T20:18:51","slug":"kontakt","status":"publish","type":"page","link":"https:\/\/www.rosenal.at\/en\/kontakt\/","title":{"rendered":"Contact"},"content":{"rendered":"<div data-elementor-type=\"wp-page\" data-elementor-id=\"1734\" class=\"elementor elementor-1734\">\n\t\t\t\t<div class=\"elementor-element elementor-element-85eb88e e-flex e-con-boxed e-con e-parent\" data-id=\"85eb88e\" data-element_type=\"container\">\n\t\t\t\t\t<div class=\"e-con-inner\">\n\t\t\t\t<div class=\"elementor-element elementor-element-b621542 elementor-widget elementor-widget-text-editor\" data-id=\"b621542\" data-element_type=\"widget\" data-widget_type=\"text-editor.default\">\n\t\t\t\t\t\t\t\t\t<h3 data-start=\"170\" data-end=\"236\">\ud83c\udf3f <strong data-start=\"175\" data-end=\"236\">Herzlich Willkommen! Sch\u00f6n, dass Sie mich gefunden haben!<\/strong><\/h3><p data-start=\"178\" data-end=\"335\">Sie m\u00f6chten etwas in Ihrem Leben ver\u00e4ndern?<br data-start=\"221\" data-end=\"224\" \/>Sie sp\u00fcren, dass ein neuer Weg m\u00f6glich ist und suchen Unterst\u00fctzung, Klarheit oder eine einf\u00fchlsame Begleitung?<\/p><p data-start=\"337\" data-end=\"366\">Dann bin ich gern f\u00fcr Sie da.<\/p><p data-start=\"368\" data-end=\"563\">Als <strong data-start=\"372\" data-end=\"417\">Mentaltrainerin und intuitive Begleiterin<\/strong> unterst\u00fctze ich Sie dabei, innere Prozesse zu l\u00f6sen, Entscheidungen leichter zu treffen und wieder mehr Vertrauen in Ihre eigene Kraft zu finden.<\/p><p data-start=\"565\" data-end=\"674\">Ich arbeite in meiner Praxis, telefonisch \u2013<br data-start=\"608\" data-end=\"611\" \/>und <strong data-start=\"615\" data-end=\"673\">auf Wunsch komme ich auch f\u00fcr Ausw\u00e4rtstermine zu Ihnen<\/strong>.<\/p><p data-start=\"676\" data-end=\"809\"><strong data-start=\"676\" data-end=\"705\">Rufen Sie mich einfach an<\/strong> oder schreiben Sie mir \u2013<br data-start=\"730\" data-end=\"733\" \/>ich freue mich auf unser Gespr\u00e4ch und darauf, Sie pers\u00f6nlich kennenzulernen.<\/p>\t\t\t\t\t\t\t\t<\/div>\n\t\t\t\t\t<\/div>\n\t\t\t\t<\/div>\n\t\t<div class=\"elementor-element elementor-element-1bf1f2f e-flex e-con-boxed e-con e-parent\" data-id=\"1bf1f2f\" data-element_type=\"container\">\n\t\t\t\t\t<div class=\"e-con-inner\">\n\t\t\t\t<div class=\"elementor-element elementor-element-2be6b7f elementor-widget elementor-widget-text-editor\" data-id=\"2be6b7f\" data-element_type=\"widget\" data-widget_type=\"text-editor.default\">\n\t\t\t\t\t\t\t\t\t<p><strong>Rosenal \u2013 Raum f\u00fcr Klarheit, Bewusstsein &amp; Wandel<\/strong><br \/><br \/><strong>Susanna Rosenal<\/strong><\/p><p><br \/>Markthofgasse 12\u201318 \/ 11 \/ 9<br \/>1030 Wien, \u00d6sterreich<\/p><p>\ud83d\udcde Telefon: +43 699 105 000 29<br \/>\ud83d\udce7 E-Mail:\u00a0<a>rosenal@gmx.at<\/a><br \/><br \/><\/p>\t\t\t\t\t\t\t\t<\/div>\n\t\t\t\t\t<\/div>\n\t\t\t\t<\/div>\n\t\t<div class=\"elementor-element elementor-element-4e033f0 e-flex e-con-boxed e-con e-parent\" data-id=\"4e033f0\" data-element_type=\"container\">\n\t\t\t\t\t<div class=\"e-con-inner\">\n\t\t\t\t<div class=\"elementor-element elementor-element-cea0085 elementor-widget elementor-widget-google_maps\" data-id=\"cea0085\" data-element_type=\"widget\" data-widget_type=\"google_maps.default\">\n\t\t\t\t\t\t\t<div class=\"elementor-custom-embed\">\n\t\t\t<iframe loading=\"lazy\"\n\t\t\t\t\tsrc=\"https:\/\/maps.google.com\/maps?q=Markthofgasse%2012%E2%80%9318%20%2F%2011%20%2F%209%201030%20Wien%2C%20%C3%96sterreich&#038;t=m&#038;z=10&#038;output=embed&#038;iwloc=near\"\n\t\t\t\t\ttitle=\"Markthofgasse 12\u201318 \/ 11 \/ 9 1030 Wien, \u00d6sterreich\"\n\t\t\t\t\taria-label=\"Markthofgasse 12\u201318 \/ 11 \/ 9 1030 Wien, \u00d6sterreich\"\n\t\t\t><\/iframe>\n\t\t<\/div>\n\t\t\t\t\t\t<\/div>\n\t\t\t\t\t<\/div>\n\t\t\t\t<\/div>\n\t\t\t\t<\/div>","protected":false},"excerpt":{"rendered":"<p>\ud83c\udf3f Herzlich Willkommen! Sch\u00f6n, dass Sie mich gefunden haben! Sie m\u00f6chten etwas in Ihrem Leben ver\u00e4ndern?Sie sp\u00fcren, dass ein neuer Weg m\u00f6glich ist und suchen Unterst\u00fctzung, Klarheit oder eine einf\u00fchlsame Begleitung? Dann bin ich gern f\u00fcr Sie da. Als Mentaltrainerin und intuitive Begleiterin unterst\u00fctze ich Sie dabei, innere Prozesse zu l\u00f6sen, Entscheidungen leichter zu treffen&hellip; <br \/> <a class=\"read-more\" href=\"https:\/\/www.rosenal.at\/en\/kontakt\/\">Read more<\/a><\/p>","protected":false},"author":3,"featured_media":0,"parent":0,"menu_order":0,"comment_status":"closed","ping_status":"closed","template":"","meta":{"footnotes":""},"class_list":["post-1734","page","type-page","status-publish","hentry"],"_links":{"self":[{"href":"https:\/\/www.rosenal.at\/en\/wp-json\/wp\/v2\/pages\/1734","targetHints":{"allow":["GET"]}}],"collection":[{"href":"https:\/\/www.rosenal.at\/en\/wp-json\/wp\/v2\/pages"}],"about":[{"href":"https:\/\/www.rosenal.at\/en\/wp-json\/wp\/v2\/types\/page"}],"author":[{"embeddable":true,"href":"https:\/\/www.rosenal.at\/en\/wp-json\/wp\/v2\/users\/3"}],"replies":[{"embeddable":true,"href":"https:\/\/www.rosenal.at\/en\/wp-json\/wp\/v2\/comments?post=1734"}],"version-history":[{"count":10,"href":"https:\/\/www.rosenal.at\/en\/wp-json\/wp\/v2\/pages\/1734\/revisions"}],"predecessor-version":[{"id":1745,"href":"https:\/\/www.rosenal.at\/en\/wp-json\/wp\/v2\/pages\/1734\/revisions\/1745"}],"wp:attachment":[{"href":"https:\/\/www.rosenal.at\/en\/wp-json\/wp\/v2\/media?parent=1734"}],"curies":[{"name":"wp","href":"https:\/\/api.w.org\/{rel}","templated":true}]}}